{"id":1425,"date":"2021-10-11T20:13:09","date_gmt":"2021-10-11T12:13:09","guid":{"rendered":"https:\/\/www.spooky2academy.com\/events\/?page_id=1425"},"modified":"2022-08-23T18:18:27","modified_gmt":"2022-08-23T10:18:27","slug":"pascal-falcy","status":"publish","type":"page","link":"https:\/\/www.spooky2academy.com\/events\/trainers\/pascal-falcy\/","title":{"rendered":"Pascal Falcy"},"content":{"rendered":"<p>[vc_row gap=&#8221;15&#8243;][vc_column width=&#8221;1\/3&#8243;][vc_row_inner css=&#8221;.vc_custom_1602134527599{border-top-width: 1px !important;border-right-width: 1px !important;border-bottom-width: 1px !important;border-left-width: 1px !important;border-left-color: #d5d4d2 !important;border-left-style: solid !important;border-right-color: #d5d4d2 !important;border-right-style: solid !important;border-top-color: #d5d4d2 !important;border-top-style: solid !important;border-bottom-color: #d5d4d2 !important;border-bottom-style: solid !important;}&#8221;][vc_column_inner][vc_single_image image=&#8221;1426&#8243; img_size=&#8221;200&#215;200&#8243; alignment=&#8221;center&#8221; css=&#8221;.vc_custom_1633953727886{margin-bottom: 25px !important;}&#8221;][vc_column_text]<\/p>\n<div class=\"thumbnail no-border no-padding text-center\">\n<div class=\"caption before-media\">\n<h3 class=\"caption-title\">Pascal Falcy<\/h3>\n<p class=\"caption-category\"><span class=\"skip\"><a data-keyword=\"Switzerland\">Switzerland<\/a><\/span><\/p>\n<\/div>\n<div class=\"caption\">De langue Fran\u00e7aise, animateur du club Spooky2 Suisse, il donne des formations et ateliers pratiques en pr\u00e9sentiel et des formations Web.<\/div>\n<\/div>\n<p>[\/vc_column_text][vc_empty_space height=&#8221;20px&#8221;][vc_btn title=&#8221;Contact Me&#8221; color=&#8221;primary&#8221; align=&#8221;center&#8221; button_block=&#8221;true&#8221; link=&#8221;url:mailto%3Ap.falcy%40spooky2.ch||target:%20_blank|&#8221;][vc_empty_space height=&#8221;15px&#8221;][\/vc_column_inner][\/vc_row_inner][vc_empty_space][vc_row_inner css=&#8221;.vc_custom_1602134527599{border-top-width: 1px !important;border-right-width: 1px !important;border-bottom-width: 1px !important;border-left-width: 1px !important;border-left-color: #d5d4d2 !important;border-left-style: solid !important;border-right-color: #d5d4d2 !important;border-right-style: solid !important;border-top-color: #d5d4d2 !important;border-top-style: solid !important;border-bottom-color: #d5d4d2 !important;border-bottom-style: solid !important;}&#8221;][vc_column_inner][vc_column_text]<strong>Description<\/strong><\/p>\n<p>Ing\u00e9nieur informaticien et formateur pour adultes, En 2019, il a commenc\u00e9 \u00e0 donner des cours en groupes de 8 \u00e0 20 personnes et organiser des ateliers pratiques. Depuis 2020, il donne aussi des formations en t\u00e9l\u00e9conf\u00e9rence touchant la population francophone.[\/vc_column_text][vc_empty_space height=&#8221;25px&#8221;][vc_separator][vc_empty_space height=&#8221;25px&#8221;][vc_column_text]<strong>Languages<\/strong><\/p>\n<p>English French[\/vc_column_text][vc_empty_space height=&#8221;25px&#8221;][vc_separator][vc_empty_space height=&#8221;25px&#8221;][vc_column_text]<strong>Linked Accounts<\/strong><\/p>\n<p>Email: p.falcy@spooky2.ch[\/vc_column_text][vc_empty_space height=&#8221;35px&#8221;][vc_separator][vc_empty_space height=&#8221;25px&#8221;][vc_column_text]<strong>Certifications<\/strong><\/p>\n<p>Spooky2 Verifed Trainer &#8211; Silver Level[\/vc_column_text][vc_empty_space height=&#8221;35px&#8221;][\/vc_column_inner][\/vc_row_inner][\/vc_column][vc_column width=&#8221;2\/3&#8243;][vc_custom_heading text=&#8221;Pascal Falcy&#8217;s Events&#8221; use_theme_fonts=&#8221;yes&#8221;][vc_column_text css=&#8221;.vc_custom_1661249903950{margin-bottom: 50px !important;}&#8221;]<\/p>\n<div class=\"CjVfdc\">Samedi 17 et dimanche 18 septembre 2022 en pr\u00e9sentiel \u00e0 Fribourg (ville) : Cours Initial et atelier pratique<\/div>\n<p>Sujet : &#8220;Pr\u00e9sentation de l\u2019environnement Rife, du mat\u00e9riel Spooky2, Miramate et HeaWea&#8221;<\/p>\n<p>Horaires: 08h30 &#8211; 17h00 (17,18 septembre\uff09<\/p>\n<p>Prix : 200 CHF<\/p>\n<p><a href=\"https:\/\/forms.office.com\/Pages\/ResponsePage.aspx?id=-kZP4nb5eU2CuR8eQ6sQXXVm9v5SZlpJijWPgL_SYuJUNTNBS0s2WUZDMFpXM0dON01ZMkE5UFdVMS4u\">Cliquez ici pour participer \u00e0 la r\u00e9union<\/a>[\/vc_column_text][vc_empty_space height=&#8221;50px&#8221;][vc_custom_heading text=&#8221;Reviews&#8221; use_theme_fonts=&#8221;yes&#8221;][\/vc_column][\/vc_row]<\/p>\n","protected":false},"excerpt":{"rendered":"<p>[vc_row gap=&#8221;15&#8243;][vc_column width=&#8221;1\/3&#8243;][vc_row_inner css=&#8221;.vc_custom_1602134527599{border-top-width: 1px !important;border-right-width: 1px !important;border-bottom-width: 1px !important;border-left-width: 1px !important;border-left-color: #d5d4d2 !important;border-left-style: solid !important;border-right-color: #d5d4d2 !important;border-right-style: solid !important;border-top-color: #d5d4d2 !important;border-top-style: solid !important;border-bottom-color: #d5d4d2 !important;border-bottom-style: solid !important;}&#8221;][vc_column_inner][vc_single_image image=&#8221;1426&#8243; img_size=&#8221;200&#215;200&#8243; alignment=&#8221;center&#8221; css=&#8221;.vc_custom_1633953727886{margin-bottom: 25px !important;}&#8221;][vc_column_text] Pascal Falcy Switzerland De langue Fran\u00e7aise, animateur du club Spooky2 Suisse, il donne des formations et ateliers pratiques en pr\u00e9sentiel et [&hellip;]<\/p>\n","protected":false},"author":1,"featured_media":0,"parent":963,"menu_order":0,"comment_status":"closed","ping_status":"closed","template":"","meta":{"_monsterinsights_skip_tracking":false,"_monsterinsights_sitenote_active":false,"_monsterinsights_sitenote_note":"","_monsterinsights_sitenote_category":0,"footnotes":""},"class_list":["post-1425","page","type-page","status-publish","hentry"],"_links":{"self":[{"href":"https:\/\/www.spooky2academy.com\/events\/wp-json\/wp\/v2\/pages\/1425","targetHints":{"allow":["GET"]}}],"collection":[{"href":"https:\/\/www.spooky2academy.com\/events\/wp-json\/wp\/v2\/pages"}],"about":[{"href":"https:\/\/www.spooky2academy.com\/events\/wp-json\/wp\/v2\/types\/page"}],"author":[{"embeddable":true,"href":"https:\/\/www.spooky2academy.com\/events\/wp-json\/wp\/v2\/users\/1"}],"replies":[{"embeddable":true,"href":"https:\/\/www.spooky2academy.com\/events\/wp-json\/wp\/v2\/comments?post=1425"}],"version-history":[{"count":8,"href":"https:\/\/www.spooky2academy.com\/events\/wp-json\/wp\/v2\/pages\/1425\/revisions"}],"predecessor-version":[{"id":2156,"href":"https:\/\/www.spooky2academy.com\/events\/wp-json\/wp\/v2\/pages\/1425\/revisions\/2156"}],"up":[{"embeddable":true,"href":"https:\/\/www.spooky2academy.com\/events\/wp-json\/wp\/v2\/pages\/963"}],"wp:attachment":[{"href":"https:\/\/www.spooky2academy.com\/events\/wp-json\/wp\/v2\/media?parent=1425"}],"curies":[{"name":"wp","href":"https:\/\/api.w.org\/{rel}","templated":true}]}}